{"id":396,"date":"2020-11-13T15:15:56","date_gmt":"2020-11-13T14:15:56","guid":{"rendered":"https:\/\/id-desoi.fr\/?page_id=396"},"modified":"2020-12-08T14:57:51","modified_gmt":"2020-12-08T13:57:51","slug":"actualites","status":"publish","type":"page","link":"https:\/\/id-desoi.fr\/index.php\/actualites\/","title":{"rendered":"Actualit\u00e9s"},"content":{"rendered":"","protected":false},"excerpt":{"rendered":"","protected":false},"author":1,"featured_media":0,"parent":0,"menu_order":0,"comment_status":"closed","ping_status":"closed","template":"","meta":{"_acf_changed":false,"footnotes":""},"class_list":["post-396","page","type-page","status-publish","hentry"],"acf":[],"yoast_head":"<!-- This site is optimized with the Yoast SEO plugin v27.4 - https:\/\/yoast.com\/product\/yoast-seo-wordpress\/ -->\n<title>Actualit\u00e9s - Coach professionnelle<\/title>\n<meta name=\"description\" content=\"Retrouvez les actualit\u00e9s de coaching du site Id de soi tout au long de l&#039;ann\u00e9e via des formations pass\u00e9es, des articles ou des conseils.\" \/>\n<meta name=\"robots\" content=\"index, follow, max-snippet:-1, max-image-preview:large, max-video-preview:-1\" \/>\n<link rel=\"canonical\" href=\"https:\/\/id-desoi.fr\/index.php\/actualites\/\" \/>\n<meta property=\"og:locale\" content=\"fr_FR\" \/>\n<meta property=\"og:type\" content=\"article\" \/>\n<meta property=\"og:title\" content=\"Actualit\u00e9s - Coach professionnelle\" \/>\n<meta property=\"og:description\" content=\"Retrouvez les actualit\u00e9s de coaching du site Id de soi tout au long de l&#039;ann\u00e9e via des formations pass\u00e9es, des articles ou des conseils.\" \/>\n<meta property=\"og:url\" content=\"https:\/\/id-desoi.fr\/index.php\/actualites\/\" \/>\n<meta property=\"og:site_name\" content=\"Coach professionnelle\" \/>\n<meta property=\"article:modified_time\" content=\"2020-12-08T13:57:51+00:00\" \/>\n<meta name=\"twitter:card\" content=\"summary_large_image\" \/>\n<script type=\"application\/ld+json\" class=\"yoast-schema-graph\">{\"@context\":\"https:\\\/\\\/schema.org\",\"@graph\":[{\"@type\":\"WebPage\",\"@id\":\"https:\\\/\\\/id-desoi.fr\\\/index.php\\\/actualites\\\/\",\"url\":\"https:\\\/\\\/id-desoi.fr\\\/index.php\\\/actualites\\\/\",\"name\":\"Actualit\u00e9s - Coach professionnelle\",\"isPartOf\":{\"@id\":\"https:\\\/\\\/id-desoi.fr\\\/#website\"},\"datePublished\":\"2020-11-13T14:15:56+00:00\",\"dateModified\":\"2020-12-08T13:57:51+00:00\",\"description\":\"Retrouvez les actualit\u00e9s de coaching du site Id de soi tout au long de l'ann\u00e9e via des formations pass\u00e9es, des articles ou des conseils.\",\"breadcrumb\":{\"@id\":\"https:\\\/\\\/id-desoi.fr\\\/index.php\\\/actualites\\\/#breadcrumb\"},\"inLanguage\":\"fr-FR\",\"potentialAction\":[{\"@type\":\"ReadAction\",\"target\":[\"https:\\\/\\\/id-desoi.fr\\\/index.php\\\/actualites\\\/\"]}]},{\"@type\":\"BreadcrumbList\",\"@id\":\"https:\\\/\\\/id-desoi.fr\\\/index.php\\\/actualites\\\/#breadcrumb\",\"itemListElement\":[{\"@type\":\"ListItem\",\"position\":1,\"name\":\"Accueil\",\"item\":\"https:\\\/\\\/id-desoi.fr\\\/\"},{\"@type\":\"ListItem\",\"position\":2,\"name\":\"Actualit\u00e9s\"}]},{\"@type\":\"WebSite\",\"@id\":\"https:\\\/\\\/id-desoi.fr\\\/#website\",\"url\":\"https:\\\/\\\/id-desoi.fr\\\/\",\"name\":\"Coach professionnelle\",\"description\":\"formation aupr\u00e8s des dirigeants et de leurs \u00e9quipes\",\"publisher\":{\"@id\":\"https:\\\/\\\/id-desoi.fr\\\/#organization\"},\"potentialAction\":[{\"@type\":\"SearchAction\",\"target\":{\"@type\":\"EntryPoint\",\"urlTemplate\":\"https:\\\/\\\/id-desoi.fr\\\/?s={search_term_string}\"},\"query-input\":{\"@type\":\"PropertyValueSpecification\",\"valueRequired\":true,\"valueName\":\"search_term_string\"}}],\"inLanguage\":\"fr-FR\"},{\"@type\":\"Organization\",\"@id\":\"https:\\\/\\\/id-desoi.fr\\\/#organization\",\"name\":\"Isabelle Neuman - ID de Soi\",\"url\":\"https:\\\/\\\/id-desoi.fr\\\/\",\"logo\":{\"@type\":\"ImageObject\",\"inLanguage\":\"fr-FR\",\"@id\":\"https:\\\/\\\/id-desoi.fr\\\/#\\\/schema\\\/logo\\\/image\\\/\",\"url\":\"https:\\\/\\\/id-desoi.fr\\\/wp-content\\\/uploads\\\/2020\\\/01\\\/logo-387x150-2.png\",\"contentUrl\":\"https:\\\/\\\/id-desoi.fr\\\/wp-content\\\/uploads\\\/2020\\\/01\\\/logo-387x150-2.png\",\"width\":387,\"height\":150,\"caption\":\"Isabelle Neuman - ID de Soi\"},\"image\":{\"@id\":\"https:\\\/\\\/id-desoi.fr\\\/#\\\/schema\\\/logo\\\/image\\\/\"}}]}<\/script>\n<!-- \/ Yoast SEO plugin. -->","yoast_head_json":{"title":"Actualit\u00e9s - Coach professionnelle","description":"Retrouvez les actualit\u00e9s de coaching du site Id de soi tout au long de l'ann\u00e9e via des formations pass\u00e9es, des articles ou des conseils.","robots":{"index":"index","follow":"follow","max-snippet":"max-snippet:-1","max-image-preview":"max-image-preview:large","max-video-preview":"max-video-preview:-1"},"canonical":"https:\/\/id-desoi.fr\/index.php\/actualites\/","og_locale":"fr_FR","og_type":"article","og_title":"Actualit\u00e9s - Coach professionnelle","og_description":"Retrouvez les actualit\u00e9s de coaching du site Id de soi tout au long de l'ann\u00e9e via des formations pass\u00e9es, des articles ou des conseils.","og_url":"https:\/\/id-desoi.fr\/index.php\/actualites\/","og_site_name":"Coach professionnelle","article_modified_time":"2020-12-08T13:57:51+00:00","twitter_card":"summary_large_image","schema":{"@context":"https:\/\/schema.org","@graph":[{"@type":"WebPage","@id":"https:\/\/id-desoi.fr\/index.php\/actualites\/","url":"https:\/\/id-desoi.fr\/index.php\/actualites\/","name":"Actualit\u00e9s - Coach professionnelle","isPartOf":{"@id":"https:\/\/id-desoi.fr\/#website"},"datePublished":"2020-11-13T14:15:56+00:00","dateModified":"2020-12-08T13:57:51+00:00","description":"Retrouvez les actualit\u00e9s de coaching du site Id de soi tout au long de l'ann\u00e9e via des formations pass\u00e9es, des articles ou des conseils.","breadcrumb":{"@id":"https:\/\/id-desoi.fr\/index.php\/actualites\/#breadcrumb"},"inLanguage":"fr-FR","potentialAction":[{"@type":"ReadAction","target":["https:\/\/id-desoi.fr\/index.php\/actualites\/"]}]},{"@type":"BreadcrumbList","@id":"https:\/\/id-desoi.fr\/index.php\/actualites\/#breadcrumb","itemListElement":[{"@type":"ListItem","position":1,"name":"Accueil","item":"https:\/\/id-desoi.fr\/"},{"@type":"ListItem","position":2,"name":"Actualit\u00e9s"}]},{"@type":"WebSite","@id":"https:\/\/id-desoi.fr\/#website","url":"https:\/\/id-desoi.fr\/","name":"Coach professionnelle","description":"formation aupr\u00e8s des dirigeants et de leurs \u00e9quipes","publisher":{"@id":"https:\/\/id-desoi.fr\/#organization"},"potentialAction":[{"@type":"SearchAction","target":{"@type":"EntryPoint","urlTemplate":"https:\/\/id-desoi.fr\/?s={search_term_string}"},"query-input":{"@type":"PropertyValueSpecification","valueRequired":true,"valueName":"search_term_string"}}],"inLanguage":"fr-FR"},{"@type":"Organization","@id":"https:\/\/id-desoi.fr\/#organization","name":"Isabelle Neuman - ID de Soi","url":"https:\/\/id-desoi.fr\/","logo":{"@type":"ImageObject","inLanguage":"fr-FR","@id":"https:\/\/id-desoi.fr\/#\/schema\/logo\/image\/","url":"https:\/\/id-desoi.fr\/wp-content\/uploads\/2020\/01\/logo-387x150-2.png","contentUrl":"https:\/\/id-desoi.fr\/wp-content\/uploads\/2020\/01\/logo-387x150-2.png","width":387,"height":150,"caption":"Isabelle Neuman - ID de Soi"},"image":{"@id":"https:\/\/id-desoi.fr\/#\/schema\/logo\/image\/"}}]}},"_links":{"self":[{"href":"https:\/\/id-desoi.fr\/index.php\/wp-json\/wp\/v2\/pages\/396","targetHints":{"allow":["GET"]}}],"collection":[{"href":"https:\/\/id-desoi.fr\/index.php\/wp-json\/wp\/v2\/pages"}],"about":[{"href":"https:\/\/id-desoi.fr\/index.php\/wp-json\/wp\/v2\/types\/page"}],"author":[{"embeddable":true,"href":"https:\/\/id-desoi.fr\/index.php\/wp-json\/wp\/v2\/users\/1"}],"replies":[{"embeddable":true,"href":"https:\/\/id-desoi.fr\/index.php\/wp-json\/wp\/v2\/comments?post=396"}],"version-history":[{"count":2,"href":"https:\/\/id-desoi.fr\/index.php\/wp-json\/wp\/v2\/pages\/396\/revisions"}],"predecessor-version":[{"id":398,"href":"https:\/\/id-desoi.fr\/index.php\/wp-json\/wp\/v2\/pages\/396\/revisions\/398"}],"wp:attachment":[{"href":"https:\/\/id-desoi.fr\/index.php\/wp-json\/wp\/v2\/media?parent=396"}],"curies":[{"name":"wp","href":"https:\/\/api.w.org\/{rel}","templated":true}]}}